{"id":355,"date":"2023-02-20T09:10:02","date_gmt":"2023-02-20T09:10:02","guid":{"rendered":"https:\/\/development.gerrilab.org\/?page_id=355"},"modified":"2023-02-20T09:10:02","modified_gmt":"2023-02-20T09:10:02","slug":"accessibility-statement","status":"publish","type":"page","link":"https:\/\/gerrilab.org\/?page_id=355","title":{"rendered":"Accessibility Statement"},"content":{"rendered":"\n<h2 class=\"wp-block-heading\"><strong>Erkl\u00e4rung zur Barrierefreiheit<\/strong><\/h2>\n\n\n\n<p><em>Text not available in English<\/em><\/p>\n\n\n\n<p>Die Forschungsgruppe Gerri ist bem\u00fcht, ihre Webseite im Einklang mit dem Gesetz zur Umsetzung der Richtlinie (EU) 2016\/2102 \u00fcber den barrierefreien Zugang zu den Websites und mobilen Anwendungen \u00f6ffentlicher Stellen (BfWebG) und mit der Verordnung zur Schaffung barrierefreier Informationstechnik nach dem Behindertengleichstellungsgesetz (BITV 2.0) barrierefrei zug\u00e4nglich zu machen.<\/p>\n\n\n\n<p>Diese Erkl\u00e4rung zur Barrierefreiheit gilt f\u00fcr die gesamte Webseite unter https:\/\/gerrilab.org<\/p>\n\n\n\n<h3 class=\"wp-block-heading\"><strong>Stand der Vereinbarkeit mit den Anforderungen<\/strong><\/h3>\n\n\n\n<p>Es werden alle Anforderungen der BITV 2.0 erf\u00fcllt oder <em>eher erf\u00fcllt<\/em>.<\/p>\n\n\n\n<h3 class=\"wp-block-heading\"><strong>Erstellung dieser Erkl\u00e4rung zur Barrierefreiheit<\/strong><\/h3>\n\n\n\n<p>Diese Erkl\u00e4rung wurde am 20. Februar 2023 erstellt. Die technische \u00dcberpr\u00fcfung der Barrierefreiheit wurde durchgef\u00fchrt von der Forschungsgruppe selbst.<\/p>\n\n\n\n<h3 class=\"wp-block-heading\"><strong>Feedback und Kontaktangaben<\/strong><\/h3>\n\n\n\n<p>Fragen, Anregungen und Verbesserungsvorschl\u00e4ge senden Sie bitte per E-Mail an: gerri@mpi-cbg.de<\/p>\n\n\n\n<p><strong>Durchsetzungsverfahren<\/strong><\/p>\n\n\n\n<p>Zust\u00e4ndige Stelle f\u00fcr das Durchsetzungsverfahren nach Artikel 9 Absatz 1 der Richtlinie (EU) 2016\/2102 ist die Gesch\u00e4ftsstelle des Beauftragten der Staatsregierung f\u00fcr die Belange von Menschen mit Behinderungen:<\/p>\n\n\n\n<ul class=\"wp-block-list\">\n<li><a href=\"https:\/\/www.sk.sachsen.de\/behindertenbeauftragter-der-saechsischen-staatsregierung.html\" target=\"_blank\" rel=\"noreferrer noopener\">Beauftragter der S\u00e4chsischen Staatsregierung f\u00fcr die Belange von Menschen mit Behinderu<\/a><a href=\"https:\/\/www.sk.sachsen.de\/behindertenbeauftragter-der-saechsischen-staatsregierung.html\">ngen<\/a><\/li>\n<\/ul>\n\n\n\n<h3 class=\"wp-block-heading\"><strong>Rechtsgrundlage<\/strong><\/h3>\n\n\n\n<p>Informationen zur Rechtsgrundlage finden Sie \u00fcber nachfolgende Links:<\/p>\n\n\n\n<ul class=\"wp-block-list\">\n<li><a href=\"https:\/\/www.revosax.sachsen.de\/vorschrift\/18133-Barrierefreie-Websites-Gesetz\" target=\"_blank\" rel=\"noreferrer noopener\">Barrierefreie-Websites-Gesetz (BfWebG)<\/a><\/li>\n\n\n\n<li><a href=\"https:\/\/www.gesetze-im-internet.de\/bitv_2_0\/BJNR184300011.html\" target=\"_blank\" rel=\"noreferrer noopener\">Barrierefreie-Informationstechnik-Verordnung \u2013 BITV 2.0<\/a><\/li>\n<\/ul>\n","protected":false},"excerpt":{"rendered":"<p>Erkl\u00e4rung zur Barrierefreiheit Text not available in English Die Forschungsgruppe Gerri ist bem\u00fcht, ihre Webseite im Einklang mit dem Gesetz zur Umsetzung der Richtlinie (EU) 2016\/2102 \u00fcber den barrierefreien Zugang zu den Websites und mobilen Anwendungen \u00f6ffentlicher Stellen (BfWebG) und mit der Verordnung zur Schaffung barrierefreier Informationstechnik nach dem Behindertengleichstellungsgesetz (BITV 2.0) barrierefrei zug\u00e4nglich zu &hellip; <\/p>\n<p class=\"link-more\"><a href=\"https:\/\/gerrilab.org\/?page_id=355\" class=\"more-link\">Read more<span class=\"screen-reader-text\"> &#8220;Accessibility Statement&#8221;<\/span><\/a><\/p>\n","protected":false},"author":3,"featured_media":0,"parent":0,"menu_order":0,"comment_status":"closed","ping_status":"closed","template":"","meta":{"inspiro_hide_title":false,"footnotes":""},"class_list":["post-355","page","type-page","status-publish","hentry"],"_links":{"self":[{"href":"https:\/\/gerrilab.org\/index.php?rest_route=\/wp\/v2\/pages\/355","targetHints":{"allow":["GET"]}}],"collection":[{"href":"https:\/\/gerrilab.org\/index.php?rest_route=\/wp\/v2\/pages"}],"about":[{"href":"https:\/\/gerrilab.org\/index.php?rest_route=\/wp\/v2\/types\/page"}],"author":[{"embeddable":true,"href":"https:\/\/gerrilab.org\/index.php?rest_route=\/wp\/v2\/users\/3"}],"replies":[{"embeddable":true,"href":"https:\/\/gerrilab.org\/index.php?rest_route=%2Fwp%2Fv2%2Fcomments&post=355"}],"version-history":[{"count":4,"href":"https:\/\/gerrilab.org\/index.php?rest_route=\/wp\/v2\/pages\/355\/revisions"}],"predecessor-version":[{"id":561,"href":"https:\/\/gerrilab.org\/index.php?rest_route=\/wp\/v2\/pages\/355\/revisions\/561"}],"wp:attachment":[{"href":"https:\/\/gerrilab.org\/index.php?rest_route=%2Fwp%2Fv2%2Fmedia&parent=355"}],"curies":[{"name":"wp","href":"https:\/\/api.w.org\/{rel}","templated":true}]}}